{"id":1391,"date":"2013-03-11T20:36:10","date_gmt":"2013-03-11T19:36:10","guid":{"rendered":"https:\/\/www.kosmetikal.it\/wpdev03\/produzione-2.html"},"modified":"2024-09-27T10:29:46","modified_gmt":"2024-09-27T08:29:46","slug":"produccion","status":"publish","type":"page","link":"https:\/\/www.kosmetikal.it\/es\/produccion.html","title":{"rendered":"Producci\u00f3n"},"content":{"rendered":"<div class=\"wpb-content-wrapper\"><p>[vc_row row_type=\u00bbrow\u00bb use_row_as_full_screen_section=\u00bbno\u00bb type=\u00bbfull_width\u00bb text_align=\u00bbleft\u00bb background_animation=\u00bbnone\u00bb css_animation=\u00bb\u00bb][vc_column][vc_row_inner row_type=\u00bbrow\u00bb type=\u00bbfull_width\u00bb use_row_as_full_screen_section_slide=\u00bbno\u00bb text_align=\u00bbleft\u00bb css_animation=\u00bb\u00bb][vc_column_inner][vc_column_text]<\/p>\n<h3>ESTUDIO, INNOVACI\u00d3N Y ATENCI\u00d3N POR LA CALIDAD. DESDE LA IDEA A LA PROYECCI\u00d3N Y EL DESARROLLO HASTA LLEGAR A LA PRODUCCI\u00d3N: UN CICLO QUE PERMITE CREAR PRODUCTOS DE CALIDAD Y EFICACES.<\/h3>\n<p>[\/vc_column_text][vc_separator type=\u00bbnormal\u00bb border_style=\u00bb\u00bb up=\u00bb20&#8243; down=\u00bb20&#8243;][\/vc_column_inner][\/vc_row_inner][\/vc_column][\/vc_row][vc_row row_type=\u00bbrow\u00bb use_row_as_full_screen_section=\u00bbno\u00bb type=\u00bbfull_width\u00bb text_align=\u00bbleft\u00bb background_animation=\u00bbnone\u00bb css_animation=\u00bb\u00bb][vc_column][vc_accordion active_tab=\u00bb1&#8243; style=\u00bbtoggle\u00bb][vc_accordion_tab title=\u00bbCAPACIDAD DE PRODUCCI\u00d3N\u00bb title_tag=\u00bbh3&#8243;][vc_column_text]El departamento de producci\u00f3n cuenta con una amplia gama de instrumental y maquinaria que permite satisfacer la m\u00e1s extensa variedad de solicitudes de producci\u00f3n, tanto de peque\u00f1as como grandes cantidades.<\/p>\n<p>Nuestra estructura cuenta con:<\/p>\n<p>\u2013 Turboemulsor de 10 kg \u2013 50 kg \u2013 100 kg \u2013 300 kg<\/p>\n<p>\u2013 Mezcladores de acero con capacidades productivas de 50 kg \u2013 100 kg \u2013 200 kg \u2013 500 kg[\/vc_column_text][\/vc_accordion_tab][vc_accordion_tab title=\u00bbRELLENADO\u00bb title_tag=\u00bbh3&#8243;][vc_column_text]En la zona de rellenado est\u00e1n instaladas las siguientes m\u00e1quinas:<\/p>\n<p>\u2013 Envasadora para ampollas de 2 a 15 ml<\/p>\n<p>\u2013 Envasadoras pneum\u00e1ticas semiautom\u00e1ticas y autom\u00e1ticas para l\u00edquidos, cremas y tensioactivos<\/p>\n<p>\u2013 Ensobradora autom\u00e1tica (monodosis) con cantidades m\u00ednimas de 3000 uds. a partir de 1 ml en adelante<\/p>\n<p>\u2013 Envasadora y soldadora semiautom\u00e1tica y autom\u00e1tica para tubos de pl\u00e1stica de varios formatos<\/p>\n<p>La diversificaci\u00f3n de maquinaria autom\u00e1tica y semiautom\u00e1tica permite satisfacer las necesidades tanto de peque\u00f1as producciones como de grandes vol\u00famenes.[\/vc_column_text][\/vc_accordion_tab][vc_accordion_tab title=\u00bbENVASADO\u00bb title_tag=\u00bbh3&#8243;][vc_column_text]En la zona de envasado est\u00e1 instalada la siguiente instrumentaci\u00f3n:<\/p>\n<p>\u2013 rodillos para timbrado<\/p>\n<p>\u2013 etiquetadoras[\/vc_column_text][\/vc_accordion_tab][vc_accordion_tab title=\u00bbALMAC\u00c9N\u00bb title_tag=\u00bbh3&#8243;][vc_column_text]La planta dispone de \u00e1reas divididas en funci\u00f3n de las directrices de la 22716 GMP destinadas a:<\/p>\n<p>\u2013 \u00c1rea de cuarentena de materias primas<\/p>\n<p>\u2013 Dep\u00f3sito de materias primas<\/p>\n<p>\u2013 Dep\u00f3sito de envasado<\/p>\n<p>\u2013 \u00c1rea de material entrante<\/p>\n<p>\u2013 \u00c1rea de salida de mercanc\u00eda destinada al env\u00edo de productos terminados[\/vc_column_text][\/vc_accordion_tab][\/vc_accordion][vc_separator type=\u00bbnormal\u00bb border_style=\u00bb\u00bb up=\u00bb20&#8243; down=\u00bb20&#8243;][\/vc_column][\/vc_row][vc_row row_type=\u00bbrow\u00bb use_row_as_full_screen_section=\u00bbno\u00bb type=\u00bbfull_width\u00bb text_align=\u00bbleft\u00bb background_animation=\u00bbnone\u00bb css_animation=\u00bb\u00bb][vc_column][vc_empty_space][\/vc_column][\/vc_row]<\/p>\n<\/div>","protected":false},"excerpt":{"rendered":"<p>[vc_row row_type=\u00bbrow\u00bb use_row_as_full_screen_section=\u00bbno\u00bb type=\u00bbfull_width\u00bb text_align=\u00bbleft\u00bb background_animation=\u00bbnone\u00bb css_animation=\u00bb\u00bb][vc_column][vc_row_inner row_type=\u00bbrow\u00bb type=\u00bbfull_width\u00bb use_row_as_full_screen_section_slide=\u00bbno\u00bb text_align=\u00bbleft\u00bb css_animation=\u00bb\u00bb][vc_column_inner][vc_column_text] ESTUDIO, INNOVACI\u00d3N Y ATENCI\u00d3N POR LA CALIDAD. DESDE LA IDEA A LA PROYECCI\u00d3N Y EL DESARROLLO HASTA LLEGAR A LA PRODUCCI\u00d3N: UN CICLO QUE PERMITE CREAR PRODUCTOS DE CALIDAD Y EFICACES. [\/vc_column_text][vc_separator type=\u00bbnormal\u00bb&#8230;<\/p>\n","protected":false},"author":8,"featured_media":25449,"parent":0,"menu_order":0,"comment_status":"open","ping_status":"open","template":"","meta":{"footnotes":""},"class_list":["post-1391","page","type-page","status-publish","has-post-thumbnail","hentry"],"_links":{"self":[{"href":"https:\/\/www.kosmetikal.it\/es\/wp-json\/wp\/v2\/pages\/1391","targetHints":{"allow":["GET"]}}],"collection":[{"href":"https:\/\/www.kosmetikal.it\/es\/wp-json\/wp\/v2\/pages"}],"about":[{"href":"https:\/\/www.kosmetikal.it\/es\/wp-json\/wp\/v2\/types\/page"}],"author":[{"embeddable":true,"href":"https:\/\/www.kosmetikal.it\/es\/wp-json\/wp\/v2\/users\/8"}],"replies":[{"embeddable":true,"href":"https:\/\/www.kosmetikal.it\/es\/wp-json\/wp\/v2\/comments?post=1391"}],"version-history":[{"count":3,"href":"https:\/\/www.kosmetikal.it\/es\/wp-json\/wp\/v2\/pages\/1391\/revisions"}],"predecessor-version":[{"id":23300,"href":"https:\/\/www.kosmetikal.it\/es\/wp-json\/wp\/v2\/pages\/1391\/revisions\/23300"}],"wp:featuredmedia":[{"embeddable":true,"href":"https:\/\/www.kosmetikal.it\/es\/wp-json\/wp\/v2\/media\/25449"}],"wp:attachment":[{"href":"https:\/\/www.kosmetikal.it\/es\/wp-json\/wp\/v2\/media?parent=1391"}],"curies":[{"name":"wp","href":"https:\/\/api.w.org\/{rel}","templated":true}]}}