{"id":1514,"date":"2013-03-11T20:29:32","date_gmt":"2013-03-11T19:29:32","guid":{"rendered":"https:\/\/www.kosmetikal.it\/wpdev03\/produzione-cosmetici-conto-terzi-2.html"},"modified":"2024-09-27T10:35:07","modified_gmt":"2024-09-27T08:35:07","slug":"production-cosmetiques-naturels-pour-compte-de-tiers","status":"publish","type":"page","link":"https:\/\/www.kosmetikal.it\/fr\/production-cosmetiques-naturels-pour-compte-de-tiers.html","title":{"rendered":"ENTREPRISE"},"content":{"rendered":"<div class=\"wpb-content-wrapper\"><p>[vc_row row_type=\u00a0\u00bbrow\u00a0\u00bb use_row_as_full_screen_section=\u00a0\u00bbno\u00a0\u00bb type=\u00a0\u00bbgrid\u00a0\u00bb text_align=\u00a0\u00bbleft\u00a0\u00bb css_animation=\u00a0\u00bb\u00a0\u00bb][vc_column][vc_column_text]<\/p>\n<h3>NOUS SOMMES UNE ENTREPRISE SCRUPULEUSE \u00a0ET FLEXIBLE \u00a0AVEC DU PERSONNEL TECHNIQUE COMP\u00c9TENT ET DYNAMIQUE \u00c0 LA R\u00c9ALISATION ET \u00a0\u00c0 LA CONCEPTION DES LIGNES DE COSM\u00c9TIQUES INNOVANTES ET UNIQUES DANS LEUR GENRE M\u00caME EN PETITES QUANTIT\u00c9S.<\/h3>\n<h4><\/h4>\n<p>[\/vc_column_text][vc_separator type=\u00a0\u00bbnormal\u00a0\u00bb border_style=\u00a0\u00bb\u00a0\u00bb][vc_column_text]<\/p>\n<h5>KOSMETIKAL \u00a0TRAVAILLE\u00a0 POUR COMPTE DE TIERS DEPUIS PLUS D\u2019UN D\u00c9CENNIE DANS LE MONDE DE LA COSM\u00c9TIQUE.<\/h5>\n<p>L&rsquo;exp\u00e9rience accumul\u00e9e au fil des ans nous permet de garantir la qualit\u00e9 la plus haute et de la fiabilit\u00e9 dans le d\u00e9veloppement de produits pour le soin et la beaut\u00e9 de l&rsquo;ensemble du corps. Nous sommes en mesure de fournir des \u00e9tudes sp\u00e9cifiques de formulation aux besoins de chaque client.<\/p>\n<p>Kosmetikal c\u2019est une enterprise qui concentre son attention aux changements du march\u00e9, toujours en \u00e9volution, capable de relever avec succ\u00e8s les nouveaux d\u00e9fis.<\/p>\n<h2><\/h2>\n<p>[\/vc_column_text][vc_empty_space][vc_column_text]<\/p>\n<h3>NOTRE PHILOSOPHIE<\/h3>\n<h1><\/h1>\n<p>[\/vc_column_text]<blockquote class='with_quote_icon' style=''><span class='icon_quotations_holder'><i class='q_font_elegant_icon icon_quotations' style=''><\/i><\/span><h3 class='blockquote_text' style=''><span>DONNER \u00c0 LA PEAU CE QUE LA PEAU SAIT. GIANNI PROSERPIO<\/span><\/h3><\/blockquote>[vc_empty_space][vc_single_image image=\u00a0\u00bb1719&Prime; img_size=\u00a0\u00bblarge\u00a0\u00bb qode_css_animation=\u00a0\u00bb\u00a0\u00bb][vc_empty_space][vc_separator type=\u00a0\u00bbnormal\u00a0\u00bb border_style=\u00a0\u00bb\u00a0\u00bb][vc_column_text]<\/p>\n<h2>CES CARACT\u00c9RISTIQUES SE TRANSFORMENT DANS UNE GRANDE PASSION POUR NOTRE TRAVAIL ET DANS L\u2019ATTENTION LA PLUS GRANDE<\/h2>\n<h2><\/h2>\n<p>[\/vc_column_text][vc_empty_space][\/vc_column][\/vc_row]<\/p>\n<\/div>","protected":false},"excerpt":{"rendered":"<p>[vc_row row_type=\u00a0\u00bbrow\u00a0\u00bb use_row_as_full_screen_section=\u00a0\u00bbno\u00a0\u00bb type=\u00a0\u00bbgrid\u00a0\u00bb text_align=\u00a0\u00bbleft\u00a0\u00bb css_animation=\u00a0\u00bb\u00a0\u00bb][vc_column][vc_column_text] NOUS SOMMES UNE ENTREPRISE SCRUPULEUSE \u00a0ET FLEXIBLE \u00a0AVEC DU PERSONNEL TECHNIQUE COMP\u00c9TENT ET DYNAMIQUE \u00c0 LA R\u00c9ALISATION ET \u00a0\u00c0 LA CONCEPTION DES LIGNES DE COSM\u00c9TIQUES INNOVANTES ET UNIQUES DANS LEUR GENRE M\u00caME EN PETITES QUANTIT\u00c9S. [\/vc_column_text][vc_separator type=\u00a0\u00bbnormal\u00a0\u00bb border_style=\u00a0\u00bb\u00a0\u00bb][vc_column_text] KOSMETIKAL&#8230;<\/p>\n","protected":false},"author":8,"featured_media":1163,"parent":0,"menu_order":0,"comment_status":"open","ping_status":"open","template":"","meta":{"footnotes":""},"class_list":["post-1514","page","type-page","status-publish","has-post-thumbnail","hentry"],"_links":{"self":[{"href":"https:\/\/www.kosmetikal.it\/fr\/wp-json\/wp\/v2\/pages\/1514","targetHints":{"allow":["GET"]}}],"collection":[{"href":"https:\/\/www.kosmetikal.it\/fr\/wp-json\/wp\/v2\/pages"}],"about":[{"href":"https:\/\/www.kosmetikal.it\/fr\/wp-json\/wp\/v2\/types\/page"}],"author":[{"embeddable":true,"href":"https:\/\/www.kosmetikal.it\/fr\/wp-json\/wp\/v2\/users\/8"}],"replies":[{"embeddable":true,"href":"https:\/\/www.kosmetikal.it\/fr\/wp-json\/wp\/v2\/comments?post=1514"}],"version-history":[{"count":5,"href":"https:\/\/www.kosmetikal.it\/fr\/wp-json\/wp\/v2\/pages\/1514\/revisions"}],"predecessor-version":[{"id":22402,"href":"https:\/\/www.kosmetikal.it\/fr\/wp-json\/wp\/v2\/pages\/1514\/revisions\/22402"}],"wp:featuredmedia":[{"embeddable":true,"href":"https:\/\/www.kosmetikal.it\/fr\/wp-json\/wp\/v2\/media\/1163"}],"wp:attachment":[{"href":"https:\/\/www.kosmetikal.it\/fr\/wp-json\/wp\/v2\/media?parent=1514"}],"curies":[{"name":"wp","href":"https:\/\/api.w.org\/{rel}","templated":true}]}}