{"id":1518,"date":"2014-01-24T12:06:30","date_gmt":"2014-01-24T11:06:30","guid":{"rendered":"https:\/\/www.kosmetikal.it\/wpdev03\/ricerca-e-sviluppo-2.html"},"modified":"2019-10-14T12:31:05","modified_gmt":"2019-10-14T10:31:05","slug":"recherche-et-developpement","status":"publish","type":"page","link":"https:\/\/www.kosmetikal.it\/fr\/recherche-et-developpement.html","title":{"rendered":"RECHERCHE &#038; D\u00c9VELOPPEMENT"},"content":{"rendered":"<div class=\"wpb-content-wrapper\"><p>[vc_row row_type=\u00a0\u00bbrow\u00a0\u00bb use_row_as_full_screen_section=\u00a0\u00bbno\u00a0\u00bb type=\u00a0\u00bbfull_width\u00a0\u00bb text_align=\u00a0\u00bbleft\u00a0\u00bb background_animation=\u00a0\u00bbnone\u00a0\u00bb css_animation=\u00a0\u00bb\u00a0\u00bb][vc_column][vc_column_text]<\/p>\n<h3>Dans notre laboratoire de recherche et de d\u00e9veloppement on \u00e9value les nouvelles mati\u00e8res premi\u00e8res et on \u00e9tudie les nouvelles formulations: tous les stades de d\u00e9veloppement de nouveaux projets sont g\u00e9r\u00e9s, comme, par exemple, la mise en place de prototypes et des \u00e9chantillons.<\/h3>\n<p>[\/vc_column_text][vc_separator type=\u00a0\u00bbnormal\u00a0\u00bb border_style=\u00a0\u00bb\u00a0\u00bb up=\u00a0\u00bb20&Prime; down=\u00a0\u00bb40&Prime;][vc_accordion active_tab=\u00a0\u00bb1&Prime; style=\u00a0\u00bbtoggle\u00a0\u00bb][vc_accordion_tab title=\u00a0\u00bbRECHERCHE &amp; D\u00c9VELOPPEMENT\u00a0\u00bb title_tag=\u00a0\u00bbh3&Prime;][vc_column_text]Nous avons un personnel hautement qualifi\u00e9 avec une vaste exp\u00e9rience dans le domaine qui a permis \u00e0 Kosmetikal de devenir un point de d\u00e9part pour le d\u00e9veloppement de nouveaux produits, modernes et innovants. Gr\u00e2ce \u00e0 la comp\u00e9tence et \u00e0 la curiosit\u00e9 de nos Techniques Cosm\u00e9tologistes, nous pouvons effectuer toute demande, du la consultation, au d\u00e9veloppement, \u00e0 la formulation de nouveaux projets, jusqu&rsquo;\u00e0 la phase de production. Le laboratoire est \u00e9quip\u00e9 d&rsquo;agitateurs magnetiques, \u00a0de diverses plaques magn\u00e9tiques \u00e0 chauffage et \u00e0 bain-marie d&rsquo;homog\u00e9n\u00e9isateurs de Silversone, un ensemble de balances de diff\u00e9rentes port\u00e9es de viscosim\u00e8tres, \u00a0de pH-m\u00e8tres, de thermostats frigorifiques variables. D\u00e9partement analyses microbiologiques et une zone d\u2019emballage et d&rsquo;\u00e9tiquetage sp\u00e9cifique des \u00e9chantillons.<\/p>\n<hr \/>\n<h4>LA KOSMETIKAL \u00a0EST VOTRE PARTENAIRE PRIVIL\u00c9GI\u00c9 POUR R\u00c9PONDRE \u00c0 TOUT MOMENT \u00c0 TOUS LES BESOINS EN\u00a0 CHAMPS DE PRODUITS COSM\u00c9TIQUES.<\/h4>\n<p>[\/vc_column_text][\/vc_accordion_tab][vc_accordion_tab title=\u00a0\u00bbFORMULATION\u00a0\u00bb title_tag=\u00a0\u00bbh3&Prime;][vc_column_text]<\/p>\n<h4>VOUS AVEZ UNE ID\u00c9E D\u2019UN \u00a0PRODUIT COSM\u00c9TIQUE NOUVEAU? NOUS LA R\u00c9ALISONS POUR VOUS !<\/h4>\n<hr \/>\n<h5>NOUS SOMMES EN MESURE DE D\u00c9VELOPPER DES FORMULATIONS INNOVANTES, NATURELLES ET BIOLOGIQUES CERTIFIABLES: NOUS R\u00c9ALISONS LE PRODUIT SELON VOS BESOINS\u00a0 AU RESPECT DES NORMES \u00a0LES PLUS HAUTES DE S\u00c9CURIT\u00c9 ET DE QUALIT\u00c9.<\/h5>\n<p>Nous cr\u00e9ons et nous suivons le produit cosm\u00e9tique dans toutes ses phases: d&rsquo;accord avec vous pour les sp\u00e9cifications de base, nous cr\u00e9ons les formules, nous produisons les \u00e9chantillons et r\u00e9alisons des tests de stabilit\u00e9 pour v\u00e9rifier la conformit\u00e9 aux normes et \u00e0 vos demandes. \u00c0 partir puis de votre id\u00e9e, nous allons vous livrer les premiers prototypes, pour avoir vos commentaires et nous allons travailler ensemble pour les perfectionner en place pour pr\u00e9parer le Document d&rsquo;Information du Produit (PIF).<\/p>\n<h4>C\u2019EST \u00c0 VOUS L\u2019ID\u00c9E, NOUS NOUS OCCUPONS DU RESTE.<\/h4>\n<p>[\/vc_column_text][\/vc_accordion_tab][vc_accordion_tab title=\u00a0\u00bbCONTR\u00d4LE DE LA QUALIT\u00c9.'\u00a0\u00bb title_tag=\u00a0\u00bbh3&Prime;][vc_column_text]<\/p>\n<h4>NOS PRODUITS SONT R\u00c9ALIS\u00c9S EN CONFORMIT\u00c9 TOTALE AVEC LA R\u00c9GLEMENTATION EUROP\u00c9ENNE EN VIGUEUR.<\/h4>\n<hr \/>\n<h4>NOUS CONTR\u00d4LONS LA CHA\u00ceNE DE PRODUCTION:<\/h4>\n<p>Chaque mati\u00e8re premi\u00e8re doit \u00eatre conforme aux normes de qualit\u00e9 est donc contr\u00f4l\u00e9e comme il arrive dans notre entrep\u00f4t par notre analyse physique\/chimique de Contr\u00f4le de Qualit\u00e9 et en pr\u00e9servant un \u00e9chantillon pour trois ann\u00e9es et seulement apr\u00e8s avoir valid\u00e9 l&rsquo;utilisation, elle est introduite dans la cha\u00eene de production.<\/p>\n<p>Pour chaque production, nous v\u00e9rifions la conformit\u00e9 du lot au travers des analyses chimiques et physiques et microbiologiques avant de proc\u00e9der \u00e0 l&#8217;emballage et \u00e0 l&rsquo;exp\u00e9dition.<\/p>\n<p>Pour chaque emballage nous v\u00e9rifions la conformit\u00e9 et en pr\u00e9servons un \u00e9chantillon de mani\u00e8re \u00e0 assurer la tra\u00e7abilit\u00e9.<\/p>\n<p>Nous avons \u00e9galement d\u00e9velopp\u00e9 un nouveau syst\u00e8me interne de gestion de la qualit\u00e9 qui sera bient\u00f4t certifi\u00e9.<\/p>\n<h4>UNE GARANTIE DE QUALIT\u00c9!<\/h4>\n<p>[\/vc_column_text][\/vc_accordion_tab][vc_accordion_tab title=\u00a0\u00bbTEST &amp; ANALYSE\u00a0\u00bb title_tag=\u00a0\u00bbh3&Prime;][vc_column_text]En plus d&rsquo;effectuer \u00e0 notre int\u00e9rieur des essais chimiques, physiques et microbiologiques, nous nous appuyons sur des laboratoires externes accr\u00e9dit\u00e9s pour effectuer des tests challenge, \u00e0 la tol\u00e9rance de la peau, des tests dermatologiques, des tests au relev\u00e9 de m\u00e9taux lourds, etc&#8230;[\/vc_column_text][\/vc_accordion_tab][\/vc_accordion][vc_separator type=\u00a0\u00bbnormal\u00a0\u00bb border_style=\u00a0\u00bb\u00a0\u00bb][\/vc_column][\/vc_row][vc_row row_type=\u00a0\u00bbrow\u00a0\u00bb use_row_as_full_screen_section=\u00a0\u00bbno\u00a0\u00bb type=\u00a0\u00bbfull_width\u00a0\u00bb text_align=\u00a0\u00bbleft\u00a0\u00bb background_animation=\u00a0\u00bbnone\u00a0\u00bb css_animation=\u00a0\u00bb\u00a0\u00bb][vc_column][vc_row_inner row_type=\u00a0\u00bbrow\u00a0\u00bb type=\u00a0\u00bbfull_width\u00a0\u00bb use_row_as_full_screen_section_slide=\u00a0\u00bbno\u00a0\u00bb text_align=\u00a0\u00bbleft\u00a0\u00bb css_animation=\u00a0\u00bb\u00a0\u00bb][vc_column_inner][vc_empty_space][\/vc_column_inner][\/vc_row_inner][\/vc_column][\/vc_row]<\/p>\n<\/div>","protected":false},"excerpt":{"rendered":"<p>[vc_row row_type=\u00a0\u00bbrow\u00a0\u00bb use_row_as_full_screen_section=\u00a0\u00bbno\u00a0\u00bb type=\u00a0\u00bbfull_width\u00a0\u00bb text_align=\u00a0\u00bbleft\u00a0\u00bb background_animation=\u00a0\u00bbnone\u00a0\u00bb css_animation=\u00a0\u00bb\u00a0\u00bb][vc_column][vc_column_text] Dans notre laboratoire de recherche et de d\u00e9veloppement on \u00e9value les nouvelles mati\u00e8res premi\u00e8res et on \u00e9tudie les nouvelles formulations: tous les stades de d\u00e9veloppement de nouveaux projets sont g\u00e9r\u00e9s, comme, par exemple, la mise en place de&#8230;<\/p>\n","protected":false},"author":8,"featured_media":1093,"parent":0,"menu_order":0,"comment_status":"open","ping_status":"open","template":"","meta":{"footnotes":""},"class_list":["post-1518","page","type-page","status-publish","has-post-thumbnail","hentry"],"_links":{"self":[{"href":"https:\/\/www.kosmetikal.it\/fr\/wp-json\/wp\/v2\/pages\/1518","targetHints":{"allow":["GET"]}}],"collection":[{"href":"https:\/\/www.kosmetikal.it\/fr\/wp-json\/wp\/v2\/pages"}],"about":[{"href":"https:\/\/www.kosmetikal.it\/fr\/wp-json\/wp\/v2\/types\/page"}],"author":[{"embeddable":true,"href":"https:\/\/www.kosmetikal.it\/fr\/wp-json\/wp\/v2\/users\/8"}],"replies":[{"embeddable":true,"href":"https:\/\/www.kosmetikal.it\/fr\/wp-json\/wp\/v2\/comments?post=1518"}],"version-history":[{"count":7,"href":"https:\/\/www.kosmetikal.it\/fr\/wp-json\/wp\/v2\/pages\/1518\/revisions"}],"predecessor-version":[{"id":23301,"href":"https:\/\/www.kosmetikal.it\/fr\/wp-json\/wp\/v2\/pages\/1518\/revisions\/23301"}],"wp:featuredmedia":[{"embeddable":true,"href":"https:\/\/www.kosmetikal.it\/fr\/wp-json\/wp\/v2\/media\/1093"}],"wp:attachment":[{"href":"https:\/\/www.kosmetikal.it\/fr\/wp-json\/wp\/v2\/media?parent=1518"}],"curies":[{"name":"wp","href":"https:\/\/api.w.org\/{rel}","templated":true}]}}