{"id":1521,"date":"2013-03-11T20:36:10","date_gmt":"2013-03-11T19:36:10","guid":{"rendered":"https:\/\/www.kosmetikal.it\/wpdev03\/produzione-2.html"},"modified":"2024-09-27T10:29:16","modified_gmt":"2024-09-27T08:29:16","slug":"production","status":"publish","type":"page","link":"https:\/\/www.kosmetikal.it\/fr\/production.html","title":{"rendered":"PRODUCTION"},"content":{"rendered":"<div class=\"wpb-content-wrapper\"><p>[vc_row row_type=\u00a0\u00bbrow\u00a0\u00bb use_row_as_full_screen_section=\u00a0\u00bbno\u00a0\u00bb type=\u00a0\u00bbfull_width\u00a0\u00bb text_align=\u00a0\u00bbleft\u00a0\u00bb background_animation=\u00a0\u00bbnone\u00a0\u00bb css_animation=\u00a0\u00bb\u00a0\u00bb][vc_column][vc_row_inner row_type=\u00a0\u00bbrow\u00a0\u00bb type=\u00a0\u00bbfull_width\u00a0\u00bb use_row_as_full_screen_section_slide=\u00a0\u00bbno\u00a0\u00bb text_align=\u00a0\u00bbleft\u00a0\u00bb css_animation=\u00a0\u00bb\u00a0\u00bb][vc_column_inner][vc_column_text]<\/p>\n<h3>RECHERQUE, INNOVATION ET ATTENTION \u00c0 LA QUALIT\u00c9, DE LA CONCEPTION, AU PROJET\u00a0 AU D\u00c9VELOPPEMENT DE CONCEPTION ET ENFIN \u00c0 LA PRODUCTION: UN CYCLE QUI NOUS PERMET DE CR\u00c9ER DES PRODUITS EFFICACES ER DE QUALIT\u00c9.<\/h3>\n<p>[\/vc_column_text][vc_separator type=\u00a0\u00bbnormal\u00a0\u00bb border_style=\u00a0\u00bb\u00a0\u00bb up=\u00a0\u00bb20&Prime; down=\u00a0\u00bb20&Prime;][\/vc_column_inner][\/vc_row_inner][\/vc_column][\/vc_row][vc_row row_type=\u00a0\u00bbrow\u00a0\u00bb use_row_as_full_screen_section=\u00a0\u00bbno\u00a0\u00bb type=\u00a0\u00bbfull_width\u00a0\u00bb text_align=\u00a0\u00bbleft\u00a0\u00bb background_animation=\u00a0\u00bbnone\u00a0\u00bb css_animation=\u00a0\u00bb\u00a0\u00bb][vc_column][vc_accordion active_tab=\u00a0\u00bb\u00a0\u00bb style=\u00a0\u00bbtoggle\u00a0\u00bb][vc_accordion_tab title=\u00a0\u00bbCAPACIT\u00c9 DE PRODUCTION\u00a0\u00bb title_tag=\u00a0\u00bbh3&Prime;][vc_column_text]La Division de la Production est \u00e9quip\u00e9e d&rsquo;un large \u00e9ventail d&rsquo;instruments et d\u2019outillages qui permettent de satisfaire la plus grande vari\u00e9t\u00e9 de demandes de production des petites aux grandes quantit\u00e9s.<\/p>\n<p>Notre structure est \u00e9quip\u00e9e de:<\/p>\n<p>Turbo-\u00e9mulseur de 10 kg &#8211; 50 kg &#8211; 100 kg &#8211; 300 kg<\/p>\n<p>M\u00e9langeurs en acier aux capacit\u00e9s de production de 50 kg &#8211; 100 kg &#8211; 200 kg &#8211; 500 kg[\/vc_column_text][\/vc_accordion_tab][vc_accordion_tab title=\u00a0\u00bbREMPLISSAGE\u00a0\u00bb title_tag=\u00a0\u00bbh3&Prime;][vc_column_text]Dans la zone de remplissage sont install\u00e9es les machines suivantes:<\/p>\n<p>\u2013 Machine de remplissage de flacons de 2 ml \u00e0 15 ml<\/p>\n<p>\u2013 Machines de remplissage pneumatiques semi-automatiques et automatiques pour de liquides, de cr\u00e8mes et de tensiolitics.<\/p>\n<p>\u2013 Ensacheuse automatique (dose unique) aux quantit\u00e9s minimales de 3000 pcs \u00e0 partir de 1 ml<\/p>\n<p>\u2013 Machine de remplissage et machine \u00e0 souder semi-automatiques et automatiques pour tuyaux en plastique de diff\u00e9rentes tailles<\/p>\n<p>La diversification des outillages automatiques et semi-automatiques peut r\u00e9pondre \u00e0 la fois aux besoins de petites et grandes volumes de production.[\/vc_column_text][\/vc_accordion_tab][vc_accordion_tab title=\u00a0\u00bbEMBALLAGE\u00a0\u00bb title_tag=\u00a0\u00bbh3&Prime;][vc_column_text]La zone de l&#8217;emballage \u00a0comprend les \u00e9quipements suivants:<\/p>\n<p>\u2013 emboutissages<\/p>\n<p>\u2013 \u00e9tiquetages[\/vc_column_text][\/vc_accordion_tab][vc_accordion_tab title=\u00a0\u00bbENTREP\u00d4T\u00a0\u00bb title_tag=\u00a0\u00bbh3&Prime;][vc_column_text]Le syst\u00e8me a divis\u00e9 les zones selon les directives GMP n\u00b0 22 716 visant \u00e0:<\/p>\n<p>\u2013 Zone de quarantaine pour les mati\u00e8res premi\u00e8res<\/p>\n<p>\u2013 Le stockage des mati\u00e8res premi\u00e8res<\/p>\n<p>\u2013 Emballage<\/p>\n<p>\u2013\u00a0Stockage<\/p>\n<p>\u2013 Zones de tous les mat\u00e9riaux entrants<\/p>\n<p>\u2013 Zones pour tous les produits sortants destin\u00e9s aux exp\u00e9ditions de produits finis.[\/vc_column_text][\/vc_accordion_tab][\/vc_accordion][vc_separator type=\u00a0\u00bbnormal\u00a0\u00bb border_style=\u00a0\u00bb\u00a0\u00bb up=\u00a0\u00bb20&Prime; down=\u00a0\u00bb20&Prime;][\/vc_column][\/vc_row][vc_row row_type=\u00a0\u00bbrow\u00a0\u00bb use_row_as_full_screen_section=\u00a0\u00bbno\u00a0\u00bb type=\u00a0\u00bbfull_width\u00a0\u00bb text_align=\u00a0\u00bbleft\u00a0\u00bb background_animation=\u00a0\u00bbnone\u00a0\u00bb css_animation=\u00a0\u00bb\u00a0\u00bb][vc_column][vc_empty_space][\/vc_column][\/vc_row]<\/p>\n<\/div>","protected":false},"excerpt":{"rendered":"<p>[vc_row row_type=\u00a0\u00bbrow\u00a0\u00bb use_row_as_full_screen_section=\u00a0\u00bbno\u00a0\u00bb type=\u00a0\u00bbfull_width\u00a0\u00bb text_align=\u00a0\u00bbleft\u00a0\u00bb background_animation=\u00a0\u00bbnone\u00a0\u00bb css_animation=\u00a0\u00bb\u00a0\u00bb][vc_column][vc_row_inner row_type=\u00a0\u00bbrow\u00a0\u00bb type=\u00a0\u00bbfull_width\u00a0\u00bb use_row_as_full_screen_section_slide=\u00a0\u00bbno\u00a0\u00bb text_align=\u00a0\u00bbleft\u00a0\u00bb css_animation=\u00a0\u00bb\u00a0\u00bb][vc_column_inner][vc_column_text] RECHERQUE, INNOVATION ET ATTENTION \u00c0 LA QUALIT\u00c9, DE LA CONCEPTION, AU PROJET\u00a0 AU D\u00c9VELOPPEMENT DE CONCEPTION ET ENFIN \u00c0 LA PRODUCTION: UN CYCLE QUI NOUS PERMET DE CR\u00c9ER DES PRODUITS EFFICACES ER DE&#8230;<\/p>\n","protected":false},"author":8,"featured_media":25447,"parent":0,"menu_order":0,"comment_status":"open","ping_status":"open","template":"","meta":{"footnotes":""},"class_list":["post-1521","page","type-page","status-publish","has-post-thumbnail","hentry"],"_links":{"self":[{"href":"https:\/\/www.kosmetikal.it\/fr\/wp-json\/wp\/v2\/pages\/1521","targetHints":{"allow":["GET"]}}],"collection":[{"href":"https:\/\/www.kosmetikal.it\/fr\/wp-json\/wp\/v2\/pages"}],"about":[{"href":"https:\/\/www.kosmetikal.it\/fr\/wp-json\/wp\/v2\/types\/page"}],"author":[{"embeddable":true,"href":"https:\/\/www.kosmetikal.it\/fr\/wp-json\/wp\/v2\/users\/8"}],"replies":[{"embeddable":true,"href":"https:\/\/www.kosmetikal.it\/fr\/wp-json\/wp\/v2\/comments?post=1521"}],"version-history":[{"count":6,"href":"https:\/\/www.kosmetikal.it\/fr\/wp-json\/wp\/v2\/pages\/1521\/revisions"}],"predecessor-version":[{"id":22607,"href":"https:\/\/www.kosmetikal.it\/fr\/wp-json\/wp\/v2\/pages\/1521\/revisions\/22607"}],"wp:featuredmedia":[{"embeddable":true,"href":"https:\/\/www.kosmetikal.it\/fr\/wp-json\/wp\/v2\/media\/25447"}],"wp:attachment":[{"href":"https:\/\/www.kosmetikal.it\/fr\/wp-json\/wp\/v2\/media?parent=1521"}],"curies":[{"name":"wp","href":"https:\/\/api.w.org\/{rel}","templated":true}]}}