{"id":1525,"date":"2013-12-16T23:43:56","date_gmt":"2013-12-16T22:43:56","guid":{"rendered":"https:\/\/www.kosmetikal.it\/wpdev03\/prodotti-kosmetikal-2.html"},"modified":"2025-01-30T18:54:27","modified_gmt":"2025-01-30T17:54:27","slug":"produits-kosmetikal","status":"publish","type":"page","link":"https:\/\/www.kosmetikal.it\/fr\/produits-kosmetikal.html","title":{"rendered":"PRODUITS Kosmetikal"},"content":{"rendered":"<div class=\"wpb-content-wrapper\"><p>[vc_row row_type=\u00a0\u00bbrow\u00a0\u00bb use_row_as_full_screen_section=\u00a0\u00bbno\u00a0\u00bb type=\u00a0\u00bbgrid\u00a0\u00bb text_align=\u00a0\u00bbleft\u00a0\u00bb background_animation=\u00a0\u00bbnone\u00a0\u00bb css_animation=\u00a0\u00bb\u00a0\u00bb][vc_column][vc_empty_space][vc_column_text]<\/p>\n<h1 id=\"title_home\">PRODUITS KOSMETIKAL<\/h1>\n<p id=\"intro_home\">Nous sommes capables de d\u00e9velopper \u00e0 la fois des formulations avec mat\u00e9riaux naturels hautement technologiques, et des produits biologiques et v\u00e9g\u00e9taliens.<\/p>\n<p>[\/vc_column_text][vc_separator type=\u00a0\u00bbnormal\u00a0\u00bb border_style=\u00a0\u00bb\u00a0\u00bb up=\u00a0\u00bb20&Prime; down=\u00a0\u00bb40&Prime;][vc_column_text]Tous les produits peuvent \u00eatre personnalis\u00e9s selon les diff\u00e9rents types de peau\/cheveux et selon les imperfections et les probl\u00e8mes \u00e0 r\u00e9soudre et sont con\u00e7us sp\u00e9cifiquement pour les besoins du Client.<\/p>\n<h3><\/h3>\n<p>[\/vc_column_text][vc_empty_space][vc_separator type=\u00a0\u00bbnormal\u00a0\u00bb border_style=\u00a0\u00bb\u00a0\u00bb up=\u00a0\u00bb20&Prime; down=\u00a0\u00bb40&Prime;][vc_column_text]<\/p>\n<h3>Nous produisons des produits naturels:<\/h3>\n<p>&nbsp;<\/p>\n<blockquote>\n<ul>\n<li>SANS PARABENS, SLS\/SLES, LES PARAFFINES, LES SILICONES, LES HUILES MIN\u00c9RALES, LE COLORANTS SYNTH\u00c9TIQUES, PEG<\/li>\n<li>SANS CONSERVANTS RELEVANTS DE L\u2019ANNEXSE V<\/li>\n<li>PAS TEST\u00c9S SUR LES ANIMAUX<\/li>\n<\/ul>\n<\/blockquote>\n<h3><\/h3>\n<p>[\/vc_column_text][vc_empty_space][\/vc_column][\/vc_row][vc_row row_type=\u00a0\u00bbrow\u00a0\u00bb use_row_as_full_screen_section=\u00a0\u00bbno\u00a0\u00bb type=\u00a0\u00bbgrid\u00a0\u00bb text_align=\u00a0\u00bbleft\u00a0\u00bb background_animation=\u00a0\u00bbnone\u00a0\u00bb css_animation=\u00a0\u00bb\u00a0\u00bb][vc_column]<div class='projects_holder_outer v4 portfolio_with_space portfolio_standard masonry_with_space pinterest_space qode-filter-position-top'>\n\t\t\n\t<div class='projects_holder clearfix v4 standard portfolio_default_image '>\n\t\t<article class=\"mix portfolio_category_398\">\n    <div class='image_holder default_hover'>\n        \n<span class='image'><img loading=\"lazy\" decoding=\"async\" width=\"305\" height=\"247\" src=\"https:\/\/www.kosmetikal.it\/wp-content\/uploads\/2014\/12\/1-Creme-emulsioni-lozioni-gel-e-oli-per-la-pelle.jpg\" class=\"attachment-portfolio_masonry_with_space size-portfolio_masonry_with_space wp-post-image\" alt=\"Cosmetici linea viso\" srcset=\"https:\/\/www.kosmetikal.it\/wp-content\/uploads\/2014\/12\/1-Creme-emulsioni-lozioni-gel-e-oli-per-la-pelle.jpg 305w, https:\/\/www.kosmetikal.it\/wp-content\/uploads\/2014\/12\/1-Creme-emulsioni-lozioni-gel-e-oli-per-la-pelle-300x242.jpg 300w\" sizes=\"auto, (max-width: 305px) 100vw, 305px\" \/><\/span>\n        \n            <div class=\"portfolio_shader\"><\/div>\n\n            <div class=\"icons_holder\">\n\t<div class=\"icons_holder_inner\">\n\t\t\t\t\t<\/div>\n<\/div>\n            \n    <\/div>\n            <div class='portfolio_description  text_align_left' >\n                <h3 class=\"portfolio_title\" style=\"font-size: 22px;\"> Cr\u00e8mes, \u00c9mulsions, Lotions, Gels et des Huiles<\/h3>\n<h6 class=\"portfolio_subtitle\"> <\/h6>        <\/div>\n    \n<\/article>\n<article class=\"mix portfolio_category_398\">\n    <div class='image_holder default_hover'>\n        \n<span class='image'><img loading=\"lazy\" decoding=\"async\" width=\"305\" height=\"247\" src=\"https:\/\/www.kosmetikal.it\/wp-content\/uploads\/2014\/12\/305x247-MSTER-21.jpg\" class=\"attachment-portfolio_masonry_with_space size-portfolio_masonry_with_space wp-post-image\" alt=\"\" srcset=\"https:\/\/www.kosmetikal.it\/wp-content\/uploads\/2014\/12\/305x247-MSTER-21.jpg 305w, https:\/\/www.kosmetikal.it\/wp-content\/uploads\/2014\/12\/305x247-MSTER-21-300x242.jpg 300w\" sizes=\"auto, (max-width: 305px) 100vw, 305px\" \/><\/span>\n        \n            <div class=\"portfolio_shader\"><\/div>\n\n            <div class=\"icons_holder\">\n\t<div class=\"icons_holder_inner\">\n\t\t\t\t\t<\/div>\n<\/div>\n            \n    <\/div>\n            <div class='portfolio_description  text_align_left' >\n                <h3 class=\"portfolio_title\" style=\"font-size: 22px;\"> Huiles de Massage, Essentiels, Purs<\/h3>\n<h6 class=\"portfolio_subtitle\"> <\/h6>        <\/div>\n    \n<\/article>\n<article class=\"mix portfolio_category_398\">\n    <div class='image_holder default_hover'>\n        \n<span class='image'><img loading=\"lazy\" decoding=\"async\" width=\"305\" height=\"247\" src=\"https:\/\/www.kosmetikal.it\/wp-content\/uploads\/2014\/12\/17-Fanghi-e-sali.jpg\" class=\"attachment-portfolio_masonry_with_space size-portfolio_masonry_with_space wp-post-image\" alt=\"Produzione fanghi scrub e sali\" srcset=\"https:\/\/www.kosmetikal.it\/wp-content\/uploads\/2014\/12\/17-Fanghi-e-sali.jpg 305w, https:\/\/www.kosmetikal.it\/wp-content\/uploads\/2014\/12\/17-Fanghi-e-sali-300x242.jpg 300w\" sizes=\"auto, (max-width: 305px) 100vw, 305px\" \/><\/span>\n        \n            <div class=\"portfolio_shader\"><\/div>\n\n            <div class=\"icons_holder\">\n\t<div class=\"icons_holder_inner\">\n\t\t\t\t\t<\/div>\n<\/div>\n            \n    <\/div>\n            <div class='portfolio_description  text_align_left' >\n                <h3 class=\"portfolio_title\" style=\"font-size: 22px;\"> Boues, Scrub, Corps et Sels<\/h3>\n<h6 class=\"portfolio_subtitle\"> <\/h6>        <\/div>\n    \n<\/article>\n<article class=\"mix portfolio_category_398\">\n    <div class='image_holder default_hover'>\n        \n<span class='image'><img loading=\"lazy\" decoding=\"async\" width=\"305\" height=\"247\" src=\"https:\/\/www.kosmetikal.it\/wp-content\/uploads\/2014\/12\/16-Prodotti-per-bambini.jpg\" class=\"attachment-portfolio_masonry_with_space size-portfolio_masonry_with_space wp-post-image\" alt=\"Prodotti per bambini\" srcset=\"https:\/\/www.kosmetikal.it\/wp-content\/uploads\/2014\/12\/16-Prodotti-per-bambini.jpg 305w, https:\/\/www.kosmetikal.it\/wp-content\/uploads\/2014\/12\/16-Prodotti-per-bambini-300x242.jpg 300w\" sizes=\"auto, (max-width: 305px) 100vw, 305px\" \/><\/span>\n        \n            <div class=\"portfolio_shader\"><\/div>\n\n            <div class=\"icons_holder\">\n\t<div class=\"icons_holder_inner\">\n\t\t\t\t\t<\/div>\n<\/div>\n            \n    <\/div>\n            <div class='portfolio_description  text_align_left' >\n                <h3 class=\"portfolio_title\" style=\"font-size: 22px;\"> Produits pour Enfants<\/h3>\n<h6 class=\"portfolio_subtitle\"> <\/h6>        <\/div>\n    \n<\/article>\n<article class=\"mix portfolio_category_398\">\n    <div class='image_holder default_hover'>\n        \n<span class='image'><img loading=\"lazy\" decoding=\"async\" width=\"305\" height=\"247\" src=\"https:\/\/www.kosmetikal.it\/wp-content\/uploads\/2014\/12\/15-Prodotti-per-schiarire-la-pelle.jpg\" class=\"attachment-portfolio_masonry_with_space size-portfolio_masonry_with_space wp-post-image\" alt=\"Schiarenti pelle\" srcset=\"https:\/\/www.kosmetikal.it\/wp-content\/uploads\/2014\/12\/15-Prodotti-per-schiarire-la-pelle.jpg 305w, https:\/\/www.kosmetikal.it\/wp-content\/uploads\/2014\/12\/15-Prodotti-per-schiarire-la-pelle-300x242.jpg 300w\" sizes=\"auto, (max-width: 305px) 100vw, 305px\" \/><\/span>\n        \n            <div class=\"portfolio_shader\"><\/div>\n\n            <div class=\"icons_holder\">\n\t<div class=\"icons_holder_inner\">\n\t\t\t\t\t<\/div>\n<\/div>\n            \n    <\/div>\n            <div class='portfolio_description  text_align_left' >\n                <h3 class=\"portfolio_title\" style=\"font-size: 22px;\"> Produits pour \u00c9claircir la Peau<\/h3>\n<h6 class=\"portfolio_subtitle\"> <\/h6>        <\/div>\n    \n<\/article>\n<article class=\"mix portfolio_category_398\">\n    <div class='image_holder default_hover'>\n        \n<span class='image'><img loading=\"lazy\" decoding=\"async\" width=\"305\" height=\"247\" src=\"https:\/\/www.kosmetikal.it\/wp-content\/uploads\/2014\/12\/305x247-MSTER-23.jpg\" class=\"attachment-portfolio_masonry_with_space size-portfolio_masonry_with_space wp-post-image\" alt=\"\" srcset=\"https:\/\/www.kosmetikal.it\/wp-content\/uploads\/2014\/12\/305x247-MSTER-23.jpg 305w, https:\/\/www.kosmetikal.it\/wp-content\/uploads\/2014\/12\/305x247-MSTER-23-300x242.jpg 300w\" sizes=\"auto, (max-width: 305px) 100vw, 305px\" \/><\/span>\n        \n            <div class=\"portfolio_shader\"><\/div>\n\n            <div class=\"icons_holder\">\n\t<div class=\"icons_holder_inner\">\n\t\t\t\t\t<\/div>\n<\/div>\n            \n    <\/div>\n            <div class='portfolio_description  text_align_left' >\n                <h3 class=\"portfolio_title\" style=\"font-size: 22px;\"> Produits Solaires<\/h3>\n<h6 class=\"portfolio_subtitle\"> <\/h6>        <\/div>\n    \n<\/article>\n<article class=\"mix portfolio_category_398\">\n    <div class='image_holder default_hover'>\n        \n<span class='image'><img loading=\"lazy\" decoding=\"async\" width=\"305\" height=\"247\" src=\"https:\/\/www.kosmetikal.it\/wp-content\/uploads\/2014\/12\/13-Prodotti-per-ligiene-intima-esterna.jpg\" class=\"attachment-portfolio_masonry_with_space size-portfolio_masonry_with_space wp-post-image\" alt=\"prodotti per l&#039;igiene intima esterna\" srcset=\"https:\/\/www.kosmetikal.it\/wp-content\/uploads\/2014\/12\/13-Prodotti-per-ligiene-intima-esterna.jpg 305w, https:\/\/www.kosmetikal.it\/wp-content\/uploads\/2014\/12\/13-Prodotti-per-ligiene-intima-esterna-300x242.jpg 300w\" sizes=\"auto, (max-width: 305px) 100vw, 305px\" \/><\/span>\n        \n            <div class=\"portfolio_shader\"><\/div>\n\n            <div class=\"icons_holder\">\n\t<div class=\"icons_holder_inner\">\n\t\t\t\t\t<\/div>\n<\/div>\n            \n    <\/div>\n            <div class='portfolio_description  text_align_left' >\n                <h3 class=\"portfolio_title\" style=\"font-size: 22px;\"> Produits pour L\u2019hygi\u00e8ne Intime Usage Externe<\/h3>\n<h6 class=\"portfolio_subtitle\"> <\/h6>        <\/div>\n    \n<\/article>\n<article class=\"mix portfolio_category_398\">\n    <div class='image_holder default_hover'>\n        \n<span class='image'><img loading=\"lazy\" decoding=\"async\" width=\"304\" height=\"249\" src=\"https:\/\/www.kosmetikal.it\/wp-content\/uploads\/2014\/12\/305x247-MSTER-14.jpg\" class=\"attachment-portfolio_masonry_with_space size-portfolio_masonry_with_space wp-post-image\" alt=\"\" srcset=\"https:\/\/www.kosmetikal.it\/wp-content\/uploads\/2014\/12\/305x247-MSTER-14.jpg 304w, https:\/\/www.kosmetikal.it\/wp-content\/uploads\/2014\/12\/305x247-MSTER-14-300x245.jpg 300w\" sizes=\"auto, (max-width: 304px) 100vw, 304px\" \/><\/span>\n        \n            <div class=\"portfolio_shader\"><\/div>\n\n            <div class=\"icons_holder\">\n\t<div class=\"icons_holder_inner\">\n\t\t\t\t\t<\/div>\n<\/div>\n            \n    <\/div>\n            <div class='portfolio_description  text_align_left' >\n                <h3 class=\"portfolio_title\" style=\"font-size: 22px;\"> Hygi\u00e8ne Bucco-Dentaire<\/h3>\n<h6 class=\"portfolio_subtitle\"> <\/h6>        <\/div>\n    \n<\/article>\n<article class=\"mix portfolio_category_398\">\n    <div class='image_holder default_hover'>\n        \n<span class='image'><img loading=\"lazy\" decoding=\"async\" width=\"304\" height=\"249\" src=\"https:\/\/www.kosmetikal.it\/wp-content\/uploads\/2014\/12\/305x247-MSTER-15.jpg\" class=\"attachment-portfolio_masonry_with_space size-portfolio_masonry_with_space wp-post-image\" alt=\"\" srcset=\"https:\/\/www.kosmetikal.it\/wp-content\/uploads\/2014\/12\/305x247-MSTER-15.jpg 304w, https:\/\/www.kosmetikal.it\/wp-content\/uploads\/2014\/12\/305x247-MSTER-15-300x245.jpg 300w\" sizes=\"auto, (max-width: 304px) 100vw, 304px\" \/><\/span>\n        \n            <div class=\"portfolio_shader\"><\/div>\n\n            <div class=\"icons_holder\">\n\t<div class=\"icons_holder_inner\">\n\t\t\t\t\t<\/div>\n<\/div>\n            \n    <\/div>\n            <div class='portfolio_description  text_align_left' >\n                <h3 class=\"portfolio_title\" style=\"font-size: 22px;\"> Produits pour les L\u00e8vres et les Yeux<\/h3>\n<h6 class=\"portfolio_subtitle\"> <\/h6>        <\/div>\n    \n<\/article>\n<article class=\"mix portfolio_category_398\">\n    <div class='image_holder default_hover'>\n        \n<span class='image'><img loading=\"lazy\" decoding=\"async\" width=\"305\" height=\"247\" src=\"https:\/\/www.kosmetikal.it\/wp-content\/uploads\/2014\/12\/305x247-MSTER-13.jpg\" class=\"attachment-portfolio_masonry_with_space size-portfolio_masonry_with_space wp-post-image\" alt=\"\" srcset=\"https:\/\/www.kosmetikal.it\/wp-content\/uploads\/2014\/12\/305x247-MSTER-13.jpg 305w, https:\/\/www.kosmetikal.it\/wp-content\/uploads\/2014\/12\/305x247-MSTER-13-300x242.jpg 300w\" sizes=\"auto, (max-width: 305px) 100vw, 305px\" \/><\/span>\n        \n            <div class=\"portfolio_shader\"><\/div>\n\n            <div class=\"icons_holder\">\n\t<div class=\"icons_holder_inner\">\n\t\t\t\t\t<\/div>\n<\/div>\n            \n    <\/div>\n            <div class='portfolio_description  text_align_left' >\n                <h3 class=\"portfolio_title\" style=\"font-size: 22px;\"> D\u00e9maquillage du Visage et des Yeux<\/h3>\n<h6 class=\"portfolio_subtitle\"> <\/h6>        <\/div>\n    \n<\/article>\n<article class=\"mix portfolio_category_398\">\n    <div class='image_holder default_hover'>\n        \n<span class='image'><img loading=\"lazy\" decoding=\"async\" width=\"305\" height=\"247\" src=\"https:\/\/www.kosmetikal.it\/wp-content\/uploads\/2014\/12\/9-Shampoo-e-condizionanti-per-capelli.jpg\" class=\"attachment-portfolio_masonry_with_space size-portfolio_masonry_with_space wp-post-image\" alt=\"produciamo shampoo e condizionanti per capelli\" srcset=\"https:\/\/www.kosmetikal.it\/wp-content\/uploads\/2014\/12\/9-Shampoo-e-condizionanti-per-capelli.jpg 305w, https:\/\/www.kosmetikal.it\/wp-content\/uploads\/2014\/12\/9-Shampoo-e-condizionanti-per-capelli-300x242.jpg 300w\" sizes=\"auto, (max-width: 305px) 100vw, 305px\" \/><\/span>\n        \n            <div class=\"portfolio_shader\"><\/div>\n\n            <div class=\"icons_holder\">\n\t<div class=\"icons_holder_inner\">\n\t\t\t\t\t<\/div>\n<\/div>\n            \n    <\/div>\n            <div class='portfolio_description  text_align_left' >\n                <h3 class=\"portfolio_title\" style=\"font-size: 22px;\"> Shampoo et Conditionnants pour les Cheveux<\/h3>\n<h6 class=\"portfolio_subtitle\"> <\/h6>        <\/div>\n    \n<\/article>\n<article class=\"mix portfolio_category_398\">\n    <div class='image_holder default_hover'>\n        \n<span class='image'><img loading=\"lazy\" decoding=\"async\" width=\"305\" height=\"247\" src=\"https:\/\/www.kosmetikal.it\/wp-content\/uploads\/2014\/12\/8-Prodotti-di-styling-per-capelli.jpg\" class=\"attachment-portfolio_masonry_with_space size-portfolio_masonry_with_space wp-post-image\" alt=\"Prodotti di styling per capelli\" srcset=\"https:\/\/www.kosmetikal.it\/wp-content\/uploads\/2014\/12\/8-Prodotti-di-styling-per-capelli.jpg 305w, https:\/\/www.kosmetikal.it\/wp-content\/uploads\/2014\/12\/8-Prodotti-di-styling-per-capelli-300x242.jpg 300w\" sizes=\"auto, (max-width: 305px) 100vw, 305px\" \/><\/span>\n        \n            <div class=\"portfolio_shader\"><\/div>\n\n            <div class=\"icons_holder\">\n\t<div class=\"icons_holder_inner\">\n\t\t\t\t\t<\/div>\n<\/div>\n            \n    <\/div>\n            <div class='portfolio_description  text_align_left' >\n                <h3 class=\"portfolio_title\" style=\"font-size: 22px;\"> Produits De Styling Pour Les Cheveux<\/h3>\n<h6 class=\"portfolio_subtitle\"> <\/h6>        <\/div>\n    \n<\/article>\n<article class=\"mix portfolio_category_398\">\n    <div class='image_holder default_hover'>\n        \n<span class='image'><img loading=\"lazy\" decoding=\"async\" width=\"304\" height=\"249\" src=\"https:\/\/www.kosmetikal.it\/wp-content\/uploads\/2014\/12\/7-Depilatori.jpg\" class=\"attachment-portfolio_masonry_with_space size-portfolio_masonry_with_space wp-post-image\" alt=\"Depilatori\" srcset=\"https:\/\/www.kosmetikal.it\/wp-content\/uploads\/2014\/12\/7-Depilatori.jpg 304w, https:\/\/www.kosmetikal.it\/wp-content\/uploads\/2014\/12\/7-Depilatori-300x245.jpg 300w\" sizes=\"auto, (max-width: 304px) 100vw, 304px\" \/><\/span>\n        \n            <div class=\"portfolio_shader\"><\/div>\n\n            <div class=\"icons_holder\">\n\t<div class=\"icons_holder_inner\">\n\t\t\t\t\t<\/div>\n<\/div>\n            \n    <\/div>\n            <div class='portfolio_description  text_align_left' >\n                <h3 class=\"portfolio_title\" style=\"font-size: 22px;\"> D\u00e9pilatoires<\/h3>\n<h6 class=\"portfolio_subtitle\"> <\/h6>        <\/div>\n    \n<\/article>\n<article class=\"mix portfolio_category_398\">\n    <div class='image_holder default_hover'>\n        \n<span class='image'><img loading=\"lazy\" decoding=\"async\" width=\"305\" height=\"247\" src=\"https:\/\/www.kosmetikal.it\/wp-content\/uploads\/2014\/12\/6-Deodoranti-e-antitraspiranti.jpg\" class=\"attachment-portfolio_masonry_with_space size-portfolio_masonry_with_space wp-post-image\" alt=\"Deodoranti traspiranti e antiodoranti\" srcset=\"https:\/\/www.kosmetikal.it\/wp-content\/uploads\/2014\/12\/6-Deodoranti-e-antitraspiranti.jpg 305w, https:\/\/www.kosmetikal.it\/wp-content\/uploads\/2014\/12\/6-Deodoranti-e-antitraspiranti-300x242.jpg 300w\" sizes=\"auto, (max-width: 305px) 100vw, 305px\" \/><\/span>\n        \n            <div class=\"portfolio_shader\"><\/div>\n\n            <div class=\"icons_holder\">\n\t<div class=\"icons_holder_inner\">\n\t\t\t\t\t<\/div>\n<\/div>\n            \n    <\/div>\n            <div class='portfolio_description  text_align_left' >\n                <h3 class=\"portfolio_title\" style=\"font-size: 22px;\"> D\u00e9odorants et Anti-Odorants<\/h3>\n<h6 class=\"portfolio_subtitle\"> <\/h6>        <\/div>\n    \n<\/article>\n<article class=\"mix portfolio_category_398\">\n    <div class='image_holder default_hover'>\n        \n<span class='image'><img loading=\"lazy\" decoding=\"async\" width=\"305\" height=\"247\" src=\"https:\/\/www.kosmetikal.it\/wp-content\/uploads\/2014\/12\/5-Profumi-acque-da-toeletta-e-di-Colonia.jpg\" class=\"attachment-portfolio_masonry_with_space size-portfolio_masonry_with_space wp-post-image\" alt=\"Fragranze, profumi d&#039;acqua, acqua di colonia\" srcset=\"https:\/\/www.kosmetikal.it\/wp-content\/uploads\/2014\/12\/5-Profumi-acque-da-toeletta-e-di-Colonia.jpg 305w, https:\/\/www.kosmetikal.it\/wp-content\/uploads\/2014\/12\/5-Profumi-acque-da-toeletta-e-di-Colonia-300x242.jpg 300w\" sizes=\"auto, (max-width: 305px) 100vw, 305px\" \/><\/span>\n        \n            <div class=\"portfolio_shader\"><\/div>\n\n            <div class=\"icons_holder\">\n\t<div class=\"icons_holder_inner\">\n\t\t\t\t\t<\/div>\n<\/div>\n            \n    <\/div>\n            <div class='portfolio_description  text_align_left' >\n                <h3 class=\"portfolio_title\" style=\"font-size: 22px;\"> Parfums, Eaux de Toilette et Eaux de Cologne<\/h3>\n<h6 class=\"portfolio_subtitle\"> <\/h6>        <\/div>\n    \n<\/article>\n<article class=\"mix portfolio_category_398\">\n    <div class='image_holder default_hover'>\n        \n<span class='image'><img loading=\"lazy\" decoding=\"async\" width=\"305\" height=\"247\" src=\"https:\/\/www.kosmetikal.it\/wp-content\/uploads\/2014\/12\/305x247-MSTER-8.jpg\" class=\"attachment-portfolio_masonry_with_space size-portfolio_masonry_with_space wp-post-image\" alt=\"\" srcset=\"https:\/\/www.kosmetikal.it\/wp-content\/uploads\/2014\/12\/305x247-MSTER-8.jpg 305w, https:\/\/www.kosmetikal.it\/wp-content\/uploads\/2014\/12\/305x247-MSTER-8-300x242.jpg 300w\" sizes=\"auto, (max-width: 305px) 100vw, 305px\" \/><\/span>\n        \n            <div class=\"portfolio_shader\"><\/div>\n\n            <div class=\"icons_holder\">\n\t<div class=\"icons_holder_inner\">\n\t\t\t\t\t<\/div>\n<\/div>\n            \n    <\/div>\n            <div class='portfolio_description  text_align_left' >\n                <h3 class=\"portfolio_title\" style=\"font-size: 22px;\"> Produits pour Bains et pour Douches<\/h3>\n<h6 class=\"portfolio_subtitle\"> <\/h6>        <\/div>\n    \n<\/article>\n<article class=\"mix portfolio_category_398\">\n    <div class='image_holder default_hover'>\n        \n<span class='image'><img loading=\"lazy\" decoding=\"async\" width=\"305\" height=\"247\" src=\"https:\/\/www.kosmetikal.it\/wp-content\/uploads\/2014\/12\/3-Prodotti-antirughe.jpg\" class=\"attachment-portfolio_masonry_with_space size-portfolio_masonry_with_space wp-post-image\" alt=\"Realizzazione Prodotti antirughe\" srcset=\"https:\/\/www.kosmetikal.it\/wp-content\/uploads\/2014\/12\/3-Prodotti-antirughe.jpg 305w, https:\/\/www.kosmetikal.it\/wp-content\/uploads\/2014\/12\/3-Prodotti-antirughe-300x242.jpg 300w\" sizes=\"auto, (max-width: 305px) 100vw, 305px\" \/><\/span>\n        \n            <div class=\"portfolio_shader\"><\/div>\n\n            <div class=\"icons_holder\">\n\t<div class=\"icons_holder_inner\">\n\t\t\t\t\t<\/div>\n<\/div>\n            \n    <\/div>\n            <div class='portfolio_description  text_align_left' >\n                <h3 class=\"portfolio_title\" style=\"font-size: 22px;\"> Produits Anti-Rides<\/h3>\n<h6 class=\"portfolio_subtitle\"> <\/h6>        <\/div>\n    \n<\/article>\n<article class=\"mix portfolio_category_398\">\n    <div class='image_holder default_hover'>\n        \n<span class='image'><img loading=\"lazy\" decoding=\"async\" width=\"305\" height=\"247\" src=\"https:\/\/www.kosmetikal.it\/wp-content\/uploads\/2014\/12\/2-Maschere-di-bellezza.jpg\" class=\"attachment-portfolio_masonry_with_space size-portfolio_masonry_with_space wp-post-image\" alt=\"Produzione Maschere di bellezza ed esfolianti\" srcset=\"https:\/\/www.kosmetikal.it\/wp-content\/uploads\/2014\/12\/2-Maschere-di-bellezza.jpg 305w, https:\/\/www.kosmetikal.it\/wp-content\/uploads\/2014\/12\/2-Maschere-di-bellezza-300x242.jpg 300w\" sizes=\"auto, (max-width: 305px) 100vw, 305px\" \/><\/span>\n        \n            <div class=\"portfolio_shader\"><\/div>\n\n            <div class=\"icons_holder\">\n\t<div class=\"icons_holder_inner\">\n\t\t\t\t\t<\/div>\n<\/div>\n            \n    <\/div>\n            <div class='portfolio_description  text_align_left' >\n                <h3 class=\"portfolio_title\" style=\"font-size: 22px;\"> Masques et Exfoliants de Beaut\u00e9<\/h3>\n<h6 class=\"portfolio_subtitle\"> <\/h6>        <\/div>\n    \n<\/article>\n<article class=\"mix portfolio_category_398\">\n    <div class='image_holder default_hover'>\n        \n<span class='image'><img loading=\"lazy\" decoding=\"async\" width=\"305\" height=\"247\" src=\"https:\/\/www.kosmetikal.it\/wp-content\/uploads\/2014\/12\/1-Creme-emulsioni-lozioni-gel-e-oli-per-la-pelle.jpg\" class=\"attachment-portfolio_masonry_with_space size-portfolio_masonry_with_space wp-post-image\" alt=\"Cosmetici linea viso\" srcset=\"https:\/\/www.kosmetikal.it\/wp-content\/uploads\/2014\/12\/1-Creme-emulsioni-lozioni-gel-e-oli-per-la-pelle.jpg 305w, https:\/\/www.kosmetikal.it\/wp-content\/uploads\/2014\/12\/1-Creme-emulsioni-lozioni-gel-e-oli-per-la-pelle-300x242.jpg 300w\" sizes=\"auto, (max-width: 305px) 100vw, 305px\" \/><\/span>\n        \n            <div class=\"portfolio_shader\"><\/div>\n\n            <div class=\"icons_holder\">\n\t<div class=\"icons_holder_inner\">\n\t\t\t\t\t<\/div>\n<\/div>\n            \n    <\/div>\n            <div class='portfolio_description  text_align_left' >\n                <h3 class=\"portfolio_title\" style=\"font-size: 22px;\"> Cr\u00e8mes, \u00c9mulsions, Lotions, Gel pour le Corps<\/h3>\n<h6 class=\"portfolio_subtitle\"> <\/h6>        <\/div>\n    \n<\/article>\n\t\t\t\t\t<div class='filler'><\/div>\n\t\t\t\t\t\t\t\t\t<div class='filler'><\/div>\n\t\t\t\t\t\t\t\t\t<div class='filler'><\/div>\n\t\t\t\t\t\t\t\t\t<div class='filler'><\/div>\n\t\t\t\t\t<\/div>\n\t<\/div>\n[\/vc_column][\/vc_row]<\/p>\n<\/div>","protected":false},"excerpt":{"rendered":"<p>[vc_row row_type=\u00a0\u00bbrow\u00a0\u00bb use_row_as_full_screen_section=\u00a0\u00bbno\u00a0\u00bb type=\u00a0\u00bbgrid\u00a0\u00bb text_align=\u00a0\u00bbleft\u00a0\u00bb background_animation=\u00a0\u00bbnone\u00a0\u00bb css_animation=\u00a0\u00bb\u00a0\u00bb][vc_column][vc_empty_space][vc_column_text] PRODUITS KOSMETIKAL Nous sommes capables de d\u00e9velopper \u00e0 la fois des formulations avec mat\u00e9riaux naturels hautement technologiques, et des produits biologiques et v\u00e9g\u00e9taliens. [\/vc_column_text][vc_separator type=\u00a0\u00bbnormal\u00a0\u00bb border_style=\u00a0\u00bb\u00a0\u00bb up=\u00a0\u00bb20&Prime; down=\u00a0\u00bb40&Prime;][vc_column_text]Tous les produits peuvent \u00eatre personnalis\u00e9s selon les diff\u00e9rents types de&#8230;<\/p>\n","protected":false},"author":8,"featured_media":1124,"parent":0,"menu_order":0,"comment_status":"open","ping_status":"open","template":"full_width.php","meta":{"footnotes":""},"class_list":["post-1525","page","type-page","status-publish","has-post-thumbnail","hentry"],"_links":{"self":[{"href":"https:\/\/www.kosmetikal.it\/fr\/wp-json\/wp\/v2\/pages\/1525","targetHints":{"allow":["GET"]}}],"collection":[{"href":"https:\/\/www.kosmetikal.it\/fr\/wp-json\/wp\/v2\/pages"}],"about":[{"href":"https:\/\/www.kosmetikal.it\/fr\/wp-json\/wp\/v2\/types\/page"}],"author":[{"embeddable":true,"href":"https:\/\/www.kosmetikal.it\/fr\/wp-json\/wp\/v2\/users\/8"}],"replies":[{"embeddable":true,"href":"https:\/\/www.kosmetikal.it\/fr\/wp-json\/wp\/v2\/comments?post=1525"}],"version-history":[{"count":6,"href":"https:\/\/www.kosmetikal.it\/fr\/wp-json\/wp\/v2\/pages\/1525\/revisions"}],"predecessor-version":[{"id":27236,"href":"https:\/\/www.kosmetikal.it\/fr\/wp-json\/wp\/v2\/pages\/1525\/revisions\/27236"}],"wp:featuredmedia":[{"embeddable":true,"href":"https:\/\/www.kosmetikal.it\/fr\/wp-json\/wp\/v2\/media\/1124"}],"wp:attachment":[{"href":"https:\/\/www.kosmetikal.it\/fr\/wp-json\/wp\/v2\/media?parent=1525"}],"curies":[{"name":"wp","href":"https:\/\/api.w.org\/{rel}","templated":true}]}}