{"id":1529,"date":"2013-03-11T20:37:24","date_gmt":"2013-03-11T19:37:24","guid":{"rendered":"https:\/\/www.kosmetikal.it\/wpdev03\/full_service-2.html"},"modified":"2019-04-02T15:44:13","modified_gmt":"2019-04-02T13:44:13","slug":"full_service","status":"publish","type":"page","link":"https:\/\/www.kosmetikal.it\/fr\/full_service.html","title":{"rendered":"Full Service"},"content":{"rendered":"<div class=\"wpb-content-wrapper\"><p>[vc_row row_type=\u00a0\u00bbrow\u00a0\u00bb use_row_as_full_screen_section=\u00a0\u00bbno\u00a0\u00bb type=\u00a0\u00bbfull_width\u00a0\u00bb text_align=\u00a0\u00bbleft\u00a0\u00bb css_animation=\u00a0\u00bb\u00a0\u00bb][vc_column][vc_column_text]<\/p>\n<h1>Le full service c\u2019est notre formule \u00abcl\u00e9 en main\u00bb: \u00e0 partir de l\u2019id\u00e9ation du produit jusqu\u2019\u00e0 sa promotion, nous vous suivrons \u00e0 chaque stade du d\u00e9veloppement: d\u00e9diez-vous \u00e0 la vente du produit, nous pensons au reste.<\/h1>\n<p>[\/vc_column_text][vc_separator type=\u00a0\u00bbnormal\u00a0\u00bb border_style=\u00a0\u00bb\u00a0\u00bb up=\u00a0\u00bb20&Prime; down=\u00a0\u00bb40&Prime;][vc_column_text]<\/p>\n<h3>C\u2019est \u00e0 vous l\u2019id\u00e9e nous nous occupons du reste!<\/h3>\n<p>De l\u2019id\u00e9ation du produit \u00e0 sa promotion, Kosmetikal peut vous aider \u00e0 chaque \u00e9tape de d\u00e9veloppement. Nous \u00e9valuons attentivement les produits concurrents et les tendances du march\u00e9, notamment en ce qui concerne le positionnement de votre produit. Nous vous soutenons, si n\u00e9cessaire, pour le d\u00e9veloppement de l&rsquo;id\u00e9e ou la d\u00e9finition de Votre ligne.<\/p>\n<p>[\/vc_column_text][vc_separator type=\u00a0\u00bbnormal\u00a0\u00bb border_style=\u00a0\u00bb\u00a0\u00bb up=\u00a0\u00bb20&Prime; down=\u00a0\u00bb40&Prime;][\/vc_column][\/vc_row][vc_row row_type=\u00a0\u00bbrow\u00a0\u00bb use_row_as_full_screen_section=\u00a0\u00bbno\u00a0\u00bb type=\u00a0\u00bbfull_width\u00a0\u00bb text_align=\u00a0\u00bbleft\u00a0\u00bb css_animation=\u00a0\u00bb\u00a0\u00bb][vc_column][vc_accordion active_tab=\u00a0\u00bb1&Prime; style=\u00a0\u00bbtoggle\u00a0\u00bb][vc_accordion_tab title=\u00a0\u00bbD\u00c9VELOPPEMENT ET PRODUCTION\u00a0\u00bb title_tag=\u00a0\u00bbh3&Prime;][vc_column_text]Nous s\u00e9lectionnons avec soin les meilleures mati\u00e8res premi\u00e8res en vous garantissant une haute Qualit\u00e9, l&rsquo;Innovation et\u00a0 l&rsquo;Efficacit\u00e9 du produit, offrant \u00e9galement des lignes certifiables et certifi\u00e9es biologiques et v\u00e9g\u00e9taliennes. Nous d\u00e9veloppons la formule de Votre produit avec professionnalisme et confidentialit\u00e9. Nous fabriquons et emballons le produit fini en contr\u00f4lant la stabilit\u00e9 et la s\u00e9curit\u00e9.[\/vc_column_text][\/vc_accordion_tab][vc_accordion_tab title=\u00a0\u00bbCERTIFICATIONS\u00a0\u00bb title_tag=\u00a0\u00bbh3&Prime;][vc_column_text]Nous \u00e9valuons l&rsquo;efficacit\u00e9 du produit et\/ou s\u00e9lectionnons Organismes ou Instituts de Recherches pour les certifications sp\u00e9cifiques. Nous maintenons une mise \u00e0 jour constante sur les r\u00e9glementations europ\u00e9ennes et extra-europ\u00e9ennes. De mani\u00e8re \u00e0 produire la documentation n\u00e9cessaire pour la distribution en Italie et \u00e0 l&rsquo;\u00e9tranger. Nous nous occupons de la notification \u00e9lectronique (CPNP) centralis\u00e9 d\u2019apr\u00e8s le nouveau r\u00e9glement 1223\/2009.[\/vc_column_text][\/vc_accordion_tab][vc_accordion_tab title=\u00a0\u00bbGRAPHIQUE &amp; IMPRESSION\u00a0\u00bb title_tag=\u00a0\u00bbh3&Prime;][vc_column_text]Nous avons \u00e0 l\u2019int\u00e9rieur de l\u2019entrepise une \u00e9quipe de Graphiques\u00a0 qui peut cr\u00e9er la marque et developer l\u2019organisation graphique de l&#8217;emballage primaire et secondaire jusqu&rsquo;aux\u00a0 plans imprim\u00e9s. Si vous voulez, nous fournissons le produit complet d\u2019\u00e9tiquette ou s\u00e9rigraphi\u00e9 (m\u00eame de petites quantit\u00e9s) ainsi que les bo\u00eetes.[\/vc_column_text][\/vc_accordion_tab][vc_accordion_tab title=\u00a0\u00bbEMBALLAGE\u00a0\u00bb title_tag=\u00a0\u00bbh3&Prime;][vc_column_text]Notre engagement est de trouver emballages sp\u00e9cifiques qui mettent en \u00e9vidence \u00a0la qualit\u00e9 et la beaut\u00e9 du produit en sa totalit\u00e9 en conservant une stabilit\u00e9 maximale. Nous proposons \u00e0 Nos Clients des bocaux en verre et en plastique, des airless, des tubes, des flacons, des vaporisateurs et beaucoup d&rsquo;autres solutions.[\/vc_column_text][\/vc_accordion_tab][vc_accordion_tab title=\u00a0\u00bbPROMOTION\u00a0\u00bb title_tag=\u00a0\u00bbh3&Prime;][vc_column_text]Nous vous soutenons avec professionnalisme et experience, dans la promotion du produit \u00e0 des \u00e9v\u00e9nements sp\u00e9ciaux, tels que des foires ou des pr\u00e9sentations \u00e0 Votre force de vente.[\/vc_column_text][\/vc_accordion_tab][\/vc_accordion][\/vc_column][\/vc_row][vc_row row_type=\u00a0\u00bbrow\u00a0\u00bb use_row_as_full_screen_section=\u00a0\u00bbno\u00a0\u00bb type=\u00a0\u00bbfull_width\u00a0\u00bb text_align=\u00a0\u00bbleft\u00a0\u00bb css_animation=\u00a0\u00bb\u00a0\u00bb][vc_column][vc_empty_space][\/vc_column][\/vc_row]<\/p>\n<\/div>","protected":false},"excerpt":{"rendered":"<p>[vc_row row_type=\u00a0\u00bbrow\u00a0\u00bb use_row_as_full_screen_section=\u00a0\u00bbno\u00a0\u00bb type=\u00a0\u00bbfull_width\u00a0\u00bb text_align=\u00a0\u00bbleft\u00a0\u00bb css_animation=\u00a0\u00bb\u00a0\u00bb][vc_column][vc_column_text] Le full service c\u2019est notre formule \u00abcl\u00e9 en main\u00bb: \u00e0 partir de l\u2019id\u00e9ation du produit jusqu\u2019\u00e0 sa promotion, nous vous suivrons \u00e0 chaque stade du d\u00e9veloppement: d\u00e9diez-vous \u00e0 la vente du produit, nous pensons au reste. [\/vc_column_text][vc_separator type=\u00a0\u00bbnormal\u00a0\u00bb border_style=\u00a0\u00bb\u00a0\u00bb&#8230;<\/p>\n","protected":false},"author":8,"featured_media":25507,"parent":0,"menu_order":0,"comment_status":"open","ping_status":"open","template":"","meta":{"footnotes":""},"class_list":["post-1529","page","type-page","status-publish","has-post-thumbnail","hentry"],"_links":{"self":[{"href":"https:\/\/www.kosmetikal.it\/fr\/wp-json\/wp\/v2\/pages\/1529","targetHints":{"allow":["GET"]}}],"collection":[{"href":"https:\/\/www.kosmetikal.it\/fr\/wp-json\/wp\/v2\/pages"}],"about":[{"href":"https:\/\/www.kosmetikal.it\/fr\/wp-json\/wp\/v2\/types\/page"}],"author":[{"embeddable":true,"href":"https:\/\/www.kosmetikal.it\/fr\/wp-json\/wp\/v2\/users\/8"}],"replies":[{"embeddable":true,"href":"https:\/\/www.kosmetikal.it\/fr\/wp-json\/wp\/v2\/comments?post=1529"}],"version-history":[{"count":6,"href":"https:\/\/www.kosmetikal.it\/fr\/wp-json\/wp\/v2\/pages\/1529\/revisions"}],"predecessor-version":[{"id":22614,"href":"https:\/\/www.kosmetikal.it\/fr\/wp-json\/wp\/v2\/pages\/1529\/revisions\/22614"}],"wp:featuredmedia":[{"embeddable":true,"href":"https:\/\/www.kosmetikal.it\/fr\/wp-json\/wp\/v2\/media\/25507"}],"wp:attachment":[{"href":"https:\/\/www.kosmetikal.it\/fr\/wp-json\/wp\/v2\/media?parent=1529"}],"curies":[{"name":"wp","href":"https:\/\/api.w.org\/{rel}","templated":true}]}}